{"id":58,"date":"2014-01-26T17:24:44","date_gmt":"2014-01-26T16:24:44","guid":{"rendered":"http:\/\/prunelli-di-casacconi.fr\/?page_id=58"},"modified":"2023-01-25T17:41:24","modified_gmt":"2023-01-25T16:41:24","slug":"votre-mairie","status":"publish","type":"page","link":"http:\/\/prunelli-di-casacconi.fr\/?page_id=58","title":{"rendered":"Votre mairie"},"content":{"rendered":"<p>Votre mairie est situ\u00e9e \u00e0 cot\u00e9 de la Poste pr\u00e8s de l&rsquo;\u00e9glise.<\/p>\n<p><a href=\"http:\/\/prunelli-di-casacconi.fr\/wp-content\/uploads\/2022\/09\/20220819_161741.jpg\"><img loading=\"lazy\" decoding=\"async\" class=\"alignnone wp-image-995\" src=\"http:\/\/prunelli-di-casacconi.fr\/wp-content\/uploads\/2022\/09\/20220819_161741-300x263.jpg\" alt=\"\" width=\"252\" height=\"221\" srcset=\"http:\/\/prunelli-di-casacconi.fr\/wp-content\/uploads\/2022\/09\/20220819_161741-300x263.jpg 300w, http:\/\/prunelli-di-casacconi.fr\/wp-content\/uploads\/2022\/09\/20220819_161741-768x673.jpg 768w, http:\/\/prunelli-di-casacconi.fr\/wp-content\/uploads\/2022\/09\/20220819_161741-1024x898.jpg 1024w, http:\/\/prunelli-di-casacconi.fr\/wp-content\/uploads\/2022\/09\/20220819_161741-1080x947.jpg 1080w\" sizes=\"auto, (max-width: 252px) 100vw, 252px\" \/><\/a><\/p>\n<p>Horaires de la Mairie : du Lundi au Vendredi de 8h \u00e0 12h et de 14h \u00e0 17h.<\/p>\n<address>TEL. : 04 95 36 04 45<\/address>\n<pre>Mail : communeprunellidicasacconi@gmail.com<\/pre>\n<p>&nbsp;<\/p>\n<p><a href=\"http:\/\/prunelli-di-casacconi.fr\/wp-content\/uploads\/2022\/09\/IMG-1658.jpg\"><img loading=\"lazy\" decoding=\"async\" class=\"alignnone wp-image-997\" src=\"http:\/\/prunelli-di-casacconi.fr\/wp-content\/uploads\/2022\/09\/IMG-1658-300x225.jpg\" alt=\"\" width=\"265\" height=\"199\" srcset=\"http:\/\/prunelli-di-casacconi.fr\/wp-content\/uploads\/2022\/09\/IMG-1658-300x225.jpg 300w, http:\/\/prunelli-di-casacconi.fr\/wp-content\/uploads\/2022\/09\/IMG-1658-768x576.jpg 768w, http:\/\/prunelli-di-casacconi.fr\/wp-content\/uploads\/2022\/09\/IMG-1658-1024x768.jpg 1024w, http:\/\/prunelli-di-casacconi.fr\/wp-content\/uploads\/2022\/09\/IMG-1658-510x382.jpg 510w, http:\/\/prunelli-di-casacconi.fr\/wp-content\/uploads\/2022\/09\/IMG-1658-1080x810.jpg 1080w\" sizes=\"auto, (max-width: 265px) 100vw, 265px\" \/><\/a><\/p>\n<p>Horaires de l&rsquo;Agence postale communale : du Lundi au Vendredi de 8h30 \u00e0 11h30.<\/p>\n<p>&nbsp;<\/p>\n","protected":false},"excerpt":{"rendered":"<p>Votre mairie est situ\u00e9e \u00e0 cot\u00e9 de la Poste pr\u00e8s de l&rsquo;\u00e9glise. Horaires de la Mairie : du Lundi au Vendredi de 8h \u00e0 12h et de 14h \u00e0 17h. TEL. : 04 95 36 04 45 Mail : communeprunellidicasacconi@gmail.com &nbsp; Horaires de l&rsquo;Agence postale communale : du Lundi au Vendredi de 8h30 \u00e0 11h30. [&hellip;]<\/p>\n","protected":false},"author":3,"featured_media":0,"parent":0,"menu_order":0,"comment_status":"open","ping_status":"open","template":"","meta":{"footnotes":""},"class_list":["post-58","page","type-page","status-publish","hentry"],"_links":{"self":[{"href":"http:\/\/prunelli-di-casacconi.fr\/index.php?rest_route=\/wp\/v2\/pages\/58","targetHints":{"allow":["GET"]}}],"collection":[{"href":"http:\/\/prunelli-di-casacconi.fr\/index.php?rest_route=\/wp\/v2\/pages"}],"about":[{"href":"http:\/\/prunelli-di-casacconi.fr\/index.php?rest_route=\/wp\/v2\/types\/page"}],"author":[{"embeddable":true,"href":"http:\/\/prunelli-di-casacconi.fr\/index.php?rest_route=\/wp\/v2\/users\/3"}],"replies":[{"embeddable":true,"href":"http:\/\/prunelli-di-casacconi.fr\/index.php?rest_route=%2Fwp%2Fv2%2Fcomments&post=58"}],"version-history":[{"count":9,"href":"http:\/\/prunelli-di-casacconi.fr\/index.php?rest_route=\/wp\/v2\/pages\/58\/revisions"}],"predecessor-version":[{"id":1099,"href":"http:\/\/prunelli-di-casacconi.fr\/index.php?rest_route=\/wp\/v2\/pages\/58\/revisions\/1099"}],"wp:attachment":[{"href":"http:\/\/prunelli-di-casacconi.fr\/index.php?rest_route=%2Fwp%2Fv2%2Fmedia&parent=58"}],"curies":[{"name":"wp","href":"https:\/\/api.w.org\/{rel}","templated":true}]}}