{"id":138,"date":"2014-05-13T16:44:38","date_gmt":"2014-05-13T15:44:38","guid":{"rendered":"http:\/\/prunelli-di-casacconi.fr\/?page_id=138"},"modified":"2024-03-01T10:36:48","modified_gmt":"2024-03-01T09:36:48","slug":"deliberations-du-conseil-municipal","status":"publish","type":"page","link":"http:\/\/prunelli-di-casacconi.fr\/?page_id=138","title":{"rendered":"D\u00e9lib\u00e9rations du conseil municipal"},"content":{"rendered":"<h4><strong>D\u00e9lib\u00e9ration du 26-02-2024<\/strong><\/h4>\n<p><span style=\"color: #000000;\"><a style=\"color: #000000;\" href=\"http:\/\/prunelli-di-casacconi.fr\/wp-content\/uploads\/2024\/03\/D\u00e9lib.-2024-001-du-26-02-2024.pdf\">DE 2024-001 du 26 02 2024 &#8211; Vente du bien communal cadastr\u00e9 D304<\/a><\/span><\/p>\n<h4><strong>D\u00e9lib\u00e9rations du 21-12-2023<\/strong><\/h4>\n<p><a href=\"http:\/\/prunelli-di-casacconi.fr\/wp-content\/uploads\/2024\/01\/D\u00e9lib.-2023-027-du-21-12-2023-demande-r\u00e9trocession-concession-fun\u00e9raire.pdf\"><span style=\"color: #000000;\">DE 2023-027 du 21 12 2023 &#8211; Demande r\u00e9trocession concession fun\u00e9raire<\/span><\/a><\/p>\n<p><a href=\"http:\/\/prunelli-di-casacconi.fr\/wp-content\/uploads\/2024\/01\/D\u00e9lib.-2023-028-du-21-12-2023-R\u00e9servoir-deau-travaux-dans-chambre-des-vannes.pdf\"><span style=\"color: #000000;\">DE 2023-028 du 21 12 2023 &#8211; R\u00e9servoir d&rsquo;eau travaux dans chambre des vannes<\/span><\/a><\/p>\n<p><a href=\"http:\/\/prunelli-di-casacconi.fr\/wp-content\/uploads\/2024\/01\/D\u00e9lib.-2023-029-du-21-12-2023-Travaux-de-dallage-parvis-de-l\u00e9glise-et-devant-les-caves.pdf\"><span style=\"color: #000000;\">DE 2023-029 du 21 12 2023 &#8211; Travaux de dallage parvis de l&rsquo;\u00e9glise et devant les caves<\/span><\/a><\/p>\n<p><a href=\"http:\/\/prunelli-di-casacconi.fr\/wp-content\/uploads\/2024\/01\/D\u00e9lib.-2023-030-du-21-12-2023-Travaux-embellissement-abri-bus-et-local-encombrants.pdf\"><span style=\"color: #000000;\">DE 2023-030 du 21 12 2023 &#8211; Travaux embellissement abri bus et local encombrants<\/span><\/a><\/p>\n<p><a href=\"http:\/\/prunelli-di-casacconi.fr\/wp-content\/uploads\/2024\/01\/D\u00e9lib.-2023-031-du-21-12-2023-registres-\u00e9tat-civil.pdf\"><span style=\"color: #000000;\">DE 2023-031 du 21 12 2023 &#8211; Registres \u00e9tat civil<\/span><\/a><\/p>\n<h4><strong>D\u00e9lib\u00e9rations du 23-11-2023<\/strong><\/h4>\n<p><span style=\"color: #000000;\"><a style=\"color: #000000;\" href=\"http:\/\/prunelli-di-casacconi.fr\/wp-content\/uploads\/2023\/12\/D\u00e9lib.-2023-022-DU-23-11-2023-RPQS-2022.pdf\">DE 2023-022 DU 23 11 2023 &#8211; RPQS 2022<\/a><\/span><\/p>\n<p><a href=\"http:\/\/prunelli-di-casacconi.fr\/wp-content\/uploads\/2023\/12\/D\u00e9lib.-2023-023-du-23-11-2023-Travaux-r\u00e9servoir-deau.pdf\"><span style=\"color: #000000;\">DE 2023-023 du 23 11 2023 &#8211; Travaux r\u00e9servoir d&rsquo;eau<\/span><\/a><\/p>\n<p><a href=\"http:\/\/prunelli-di-casacconi.fr\/wp-content\/uploads\/2023\/12\/D\u00e9lib.-2023-024-du-23-11-2023-Motion-opposition-transfert-comp\u00e9tence-eau.pdf\"><span style=\"color: #000000;\">DE 2023-024 du 23 11 2023 &#8211; Motion opposition transfert comp\u00e9tence eau<\/span><\/a><\/p>\n<p><a href=\"http:\/\/prunelli-di-casacconi.fr\/wp-content\/uploads\/2023\/12\/D\u00e9lib.-2023-025-du-23-11-2023-DM-1.pdf\"><span style=\"color: #000000;\">DE 2023-025 du 23 11 2023 &#8211; DM 1<\/span><\/a><\/p>\n<p><span style=\"color: #000000;\"><a style=\"color: #000000;\" href=\"http:\/\/prunelli-di-casacconi.fr\/wp-content\/uploads\/2023\/12\/D\u00e9lib.-2023-026-du-23-11-2023-Horaires-\u00e9clairage-public.pdf\">DE 2023-026 du 23 11 2023 &#8211; Horaires \u00e9clairage public<\/a><\/span><\/p>\n<p>&nbsp;<\/p>\n<h4><strong>D\u00e9lib\u00e9rations du 31-08-2023<\/strong><\/h4>\n<p><span style=\"color: #000000;\"><a href=\"http:\/\/prunelli-di-casacconi.fr\/wp-content\/uploads\/2023\/09\/DE_-2023-017-du-31-08-2023-Aide-individuelle-de-transport.pdf\"><span style=\"color: #000000;\">DE 2023-017 du 31 08 2023 &#8211; Aide individuelle de transport<\/span><\/a><\/span><\/p>\n<p><a href=\"http:\/\/prunelli-di-casacconi.fr\/wp-content\/uploads\/2023\/09\/DE_-2023-018-du-31-08-2023-Recensement-de-la-population-2024-recrutement-dun-agent-recenseur.pdf\"><span style=\"color: #000000;\">DE 2023-018 du 31 08 2023 &#8211; Recensement de la population 2024 &#8211; recrutement d&rsquo;un agent recenseur<\/span><\/a><\/p>\n<p><span style=\"color: #000000;\"><a style=\"color: #000000;\" href=\"http:\/\/prunelli-di-casacconi.fr\/wp-content\/uploads\/2023\/09\/DE_-2023-019-du-31-08-2023-Vente-du-bien-communal-D-304-au-lieu-dit-Prunelli.pdf\">DE 2023-019 du 31 08 2023 &#8211; Vente du bien communal D 304 au lieu-dit Prunelli<\/a><\/span><\/p>\n<p><span style=\"color: #000000;\"><a style=\"color: #000000;\" href=\"http:\/\/prunelli-di-casacconi.fr\/wp-content\/uploads\/2023\/09\/DE_-2023-020-du-31-08-2023-Travaux-de-dallage-du-parvis-et-devant-les-caves.pdf\">DE 2023-020 du 31 08 2023 &#8211; Travaux de dallage du parvis et devant les caves<\/a><\/span><\/p>\n<p><span style=\"color: #000000;\"><a style=\"color: #000000;\" href=\"http:\/\/prunelli-di-casacconi.fr\/wp-content\/uploads\/2023\/09\/DE_-2023-021-du-31-08-2023-Travaux-dembellissement-de-labri-bus-et-de-lespace-de-d\u00e9p\u00f4t-des-encombrants.pdf\">DE 2023-021 du 31 08 2023 &#8211; Travaux d&#8217;embellissement de l&rsquo;abri bus et de l&rsquo;espace de d\u00e9p\u00f4t des encombrants<\/a><\/span><\/p>\n<p>&nbsp;<\/p>\n<h4><strong>D\u00e9lib\u00e9rations du 11-05-2023<\/strong><\/h4>\n<p><a href=\"http:\/\/prunelli-di-casacconi.fr\/wp-content\/uploads\/2023\/05\/DE_2023-013-du-11-05-2023.pdf\"><span style=\"color: #000000;\">DE 2023-013 du 11 05 2023 &#8211; Rectification de la d\u00e9lib\u00e9ration n\u00b0 2023-003 du 5 avril 2023 suite \u00e0 une erreur mat\u00e9rielle sur le n\u00b0 de la borne incendie \u00e0 remplacer<\/span><\/a><\/p>\n<p><span style=\"color: #000000;\"><a style=\"color: #000000;\" href=\"http:\/\/prunelli-di-casacconi.fr\/wp-content\/uploads\/2023\/05\/DE_2023-014-du-11-05-2023.pdf\">DE 2023-014 du 11 05 2023 &#8211; Cr\u00e9ation d&rsquo;un emploi non permanent d&rsquo;adjoint administratif territorial pour l&rsquo;agence postale communale<\/a><\/span><\/p>\n<p><span style=\"color: #000000;\"><a style=\"color: #000000;\" href=\"http:\/\/prunelli-di-casacconi.fr\/wp-content\/uploads\/2023\/05\/DE_2023-015-du-11-05-2023.pdf\">DE 2023-015 du 11 05 2023 &#8211; Cr\u00e9ation d&rsquo;un emploi permanent d&rsquo;adjoint administratif territorial pour l&rsquo;agence postale communale<\/a><\/span><\/p>\n<p><a href=\"http:\/\/prunelli-di-casacconi.fr\/wp-content\/uploads\/2023\/05\/DE_2023-016-du-11-05-2023.pdf\"><span style=\"color: #000000;\">DE 2023-016 du 11 05 2023 &#8211; Repr\u00e9sentation de la commune pour des actes administratifs<\/span><\/a><\/p>\n<p>&nbsp;<\/p>\n<h4><strong>D\u00e9lib\u00e9rations du 05-04-2023<\/strong><\/h4>\n<p><a href=\"http:\/\/prunelli-di-casacconi.fr\/wp-content\/uploads\/2023\/04\/D\u00e9lib.-2023-003-du-05-04-2023-remplacement-bouche-incendie-Ritondu.pdf\"><span style=\"color: #000000;\">DE 2023-003 du 05 04 2023 &#8211; remplacement bouche incendie Ritondu<\/span><\/a><\/p>\n<p><a href=\"http:\/\/prunelli-di-casacconi.fr\/wp-content\/uploads\/2023\/04\/D\u00e9lib.-2023-004-du-05-04-2023-remplacement-d\u00e9fibrillateur.pdf\"><span style=\"color: #000000;\">DE 2023-004 du 05 04 2023 &#8211; remplacement d\u00e9fibrillateur<\/span><\/a><\/p>\n<p><a href=\"http:\/\/prunelli-di-casacconi.fr\/wp-content\/uploads\/2023\/04\/D\u00e9lib.-2023-005-du-05-04-2023-Modification-des-statuts-C.C.-Castagniccia-Casinca.pdf\"><span style=\"color: #000000;\">DE 2023-005 du 05 04 2023 &#8211; Modification des statuts C.C. Castagniccia-Casinca<\/span><\/a><\/p>\n<p><a href=\"http:\/\/prunelli-di-casacconi.fr\/wp-content\/uploads\/2023\/04\/D\u00e9lib.-2023-006-du-05-04-2023-pose-compteurs-deau-par-quartiers.pdf\"><span style=\"color: #000000;\">DE 2023-006 du 05 04 2023 &#8211; pose compteurs d&rsquo;eau par quartiers<\/span><\/a><\/p>\n<p><a href=\"http:\/\/prunelli-di-casacconi.fr\/wp-content\/uploads\/2023\/04\/D\u00e9lib.-2023-007-du-05-04-2023-Application-fongibilit\u00e9-des-cr\u00e9dits-M57.pdf\"><span style=\"color: #000000;\">DE 2023-007 du 05 04 2023 &#8211; Application fongibilit\u00e9 des cr\u00e9dits M57<\/span><\/a><\/p>\n<p><a href=\"http:\/\/prunelli-di-casacconi.fr\/wp-content\/uploads\/2023\/04\/D\u00e9lib.-2023-008-du-05-04-2023-Approbation-du-Compte-de-gestion-2022.pdf\"><span style=\"color: #000000;\">DE 2023-008 du 05 04 2023 &#8211; Approbation du Compte de gestion 2022<\/span><\/a><\/p>\n<p><a href=\"http:\/\/prunelli-di-casacconi.fr\/wp-content\/uploads\/2023\/04\/D\u00e9lib.-2023-009-du-05-04-2023-Vote-du-Compte-Administratif-2022.pdf\"><span style=\"color: #000000;\">DE 2023-009 du 05 04 2023 &#8211; Vote du Compte Administratif 2022<\/span><\/a><\/p>\n<p><a href=\"http:\/\/prunelli-di-casacconi.fr\/wp-content\/uploads\/2023\/04\/D\u00e9lib.-2023-010-du-05-04-2023-Affectation-du-r\u00e9sultat-de-fonctionnement-2022.pdf\"><span style=\"color: #000000;\">DE 2023-010 du 05 04 2023 &#8211; Affectation du r\u00e9sultat de fonctionnement 2022<\/span><\/a><\/p>\n<p><a href=\"http:\/\/prunelli-di-casacconi.fr\/wp-content\/uploads\/2023\/04\/D\u00e9lib.-2023-011-du-05-04-2023-Vote-des-taxes-locales-2023.pdf\"><span style=\"color: #000000;\">DE 2023-011 du 05 04 2023 &#8211; Vote des taxes locales 2023<\/span><\/a><\/p>\n<p><a href=\"http:\/\/prunelli-di-casacconi.fr\/wp-content\/uploads\/2023\/04\/D\u00e9lib.-2023-012-du-05-04-2023-Vote-du-Budget-primitif-2023.pdf\"><span style=\"color: #000000;\">DE 2023-012 du 05 04 2023 &#8211; Vote du Budget primitif 2023<\/span><\/a><\/p>\n<p>&nbsp;<\/p>\n<h4><strong>D\u00e9lib\u00e9rations du 12-01-2023<\/strong><\/h4>\n<p><span style=\"color: #000000;\"><a style=\"color: #000000;\" href=\"http:\/\/prunelli-di-casacconi.fr\/wp-content\/uploads\/2023\/01\/Delib.-2023-001-du-12-01-2023-DM-n\u00b0-3-BP-2022.pdf\">DE 2023-001 du 12 01 2023 -DM n\u00b0 3 BP 2022<\/a><\/span><\/p>\n<p><span style=\"color: #000000;\"><a style=\"color: #000000;\" href=\"http:\/\/prunelli-di-casacconi.fr\/wp-content\/uploads\/2023\/01\/Delib.-2023-002-du-12-01-2023-refection-porte-cave-voutee.pdf\">DE 2023-002 du 12 01 2023 &#8211; R\u00e9fection porte cave vout\u00e9e<\/a><\/span><\/p>\n<h4><\/h4>\n<h4><strong>D\u00e9lib\u00e9rations du 20-10-2022<\/strong><\/h4>\n<p><a href=\"http:\/\/prunelli-di-casacconi.fr\/wp-content\/uploads\/2022\/11\/D\u00e9lib.-du-20-10-2022-DE-2022-020.pdf\"><span style=\"color: #000000;\">DE 2022-020 du du 20 10 2022 <\/span><\/a><a href=\"http:\/\/prunelli-di-casacconi.fr\/wp-content\/uploads\/2022\/11\/D%C3%A9lib.-du-20-10-2022-DE-2022-020.pdf\"><span style=\"color: #000000;\">\u2013 D\u00e9lib\u00e9ration modificative \u2013 Modification des tarifs de l\u2019eau potable (D\u00e9lib\u00e9ration N\u00b0 2022-016 du 22\/07\/22)<\/span><\/a><\/p>\n<p><a href=\"http:\/\/prunelli-di-casacconi.fr\/wp-content\/uploads\/2022\/11\/DE-2022-021-du-20-10-2022.pdf\"><span style=\"color: #000000;\">DE 2022-021 du 20 10 2022<\/span><\/a><span style=\"color: #000000;\">\u00a0<\/span>&#8211;<span style=\"color: #000000;\">\u00a0<a style=\"color: #000000;\" href=\"http:\/\/prunelli-di-casacconi.fr\/wp-content\/uploads\/2022\/11\/DE-2022-021-du-20-10-2022.pdf\">Rapport annuel sur le prix et la qualit\u00e9 du service d\u2019eau potable 2021<\/a><\/span><\/p>\n<p><span style=\"color: #000000;\"><a style=\"color: #000000;\" href=\"http:\/\/prunelli-di-casacconi.fr\/wp-content\/uploads\/2022\/11\/DE-2022-022-du-20-10-2022-R\u00e9fection-de-la-porte-de-la-cave-en-vo\u00fbte-sous-le-parvis-de-l\u00e9glise.pdf\">DE 2022-022 du 20 10 2022 &#8211; R\u00e9fection de la porte de la cave en vo\u00fbte sous le parvis de l&rsquo;\u00e9glise<\/a><\/span><\/p>\n<h4><\/h4>\n<h4><strong>D\u00e9lib\u00e9rations du 22-07-2022<\/strong><\/h4>\n<h6><a href=\"http:\/\/prunelli-di-casacconi.fr\/wp-content\/uploads\/2022\/08\/DE-2022-012-du-22-07-22-M57.pdf\">DE 2022-012 du 22 07 22 &#8211; M57<\/a><\/h6>\n<h6><a href=\"http:\/\/prunelli-di-casacconi.fr\/wp-content\/uploads\/2022\/08\/DE-2022-013-du-22-07-22-organisation-temps-travail-1.pdf\">DE 2022-013 du 22 07 22 &#8211; organisation temps travail<\/a><\/h6>\n<h6><a href=\"http:\/\/prunelli-di-casacconi.fr\/wp-content\/uploads\/2022\/08\/DE-2022-014-du-22-07-22-\u00e9tanch\u00e9it\u00e9-dalle-sup\u00e9rieure-r\u00e9servoir-1.pdf\">DE 2022-014 du 22 07 22 &#8211; \u00e9tanch\u00e9it\u00e9 dalle sup\u00e9rieure r\u00e9servoir<\/a><\/h6>\n<h6><a href=\"http:\/\/prunelli-di-casacconi.fr\/wp-content\/uploads\/2022\/08\/DE-2022-015-du-22-07-22-modification-r\u00e8glement-de-leau-1.pdf\">DE 2022-015 du 22 07 22 &#8211; modification r\u00e8glement de l&rsquo;eau<\/a><\/h6>\n<h6><a href=\"http:\/\/prunelli-di-casacconi.fr\/wp-content\/uploads\/2022\/08\/DE-2022-016-du-22-07-22-modification-tarifs-eau.pdf\">DE 2022-016 du 22 07 22 &#8211; modification tarifs eau<\/a><\/h6>\n<h6><a href=\"http:\/\/prunelli-di-casacconi.fr\/wp-content\/uploads\/2022\/08\/DE-2022-017-du-22-07-22-r\u00e9fectione-escalier-Fontanicchia.pdf\">DE 2022-017 du 22 07 22 &#8211; r\u00e9fection escalier Fontaniccia<\/a><\/h6>\n<h6><a href=\"http:\/\/prunelli-di-casacconi.fr\/wp-content\/uploads\/2022\/08\/DE-2022-018-du-22-07-22-grilles-portes-mairie-et-poste.pdf\">DE 2022-018 du 22 07 22 &#8211; grilles portes mairie et poste<\/a><\/h6>\n<h6><a href=\"http:\/\/prunelli-di-casacconi.fr\/wp-content\/uploads\/2022\/08\/DE-2022-019-du-22-07-22-mat\u00e9riel-informatique.pdf\">DE 2022-019 du 22 07 22 &#8211; mat\u00e9riel informatique<\/a><\/h6>\n<p>&nbsp;<\/p>\n","protected":false},"excerpt":{"rendered":"<p>D\u00e9lib\u00e9ration du 26-02-2024 DE 2024-001 du 26 02 2024 &#8211; Vente du bien communal cadastr\u00e9 D304 D\u00e9lib\u00e9rations du 21-12-2023 DE 2023-027 du 21 12 2023 &#8211; Demande r\u00e9trocession concession fun\u00e9raire DE 2023-028 du 21 12 2023 &#8211; R\u00e9servoir d&rsquo;eau travaux dans chambre des vannes DE 2023-029 du 21 12 2023 &#8211; Travaux de dallage parvis [&hellip;]<\/p>\n","protected":false},"author":3,"featured_media":0,"parent":50,"menu_order":0,"comment_status":"open","ping_status":"open","template":"","meta":{"footnotes":""},"class_list":["post-138","page","type-page","status-publish","hentry"],"_links":{"self":[{"href":"http:\/\/prunelli-di-casacconi.fr\/index.php?rest_route=\/wp\/v2\/pages\/138","targetHints":{"allow":["GET"]}}],"collection":[{"href":"http:\/\/prunelli-di-casacconi.fr\/index.php?rest_route=\/wp\/v2\/pages"}],"about":[{"href":"http:\/\/prunelli-di-casacconi.fr\/index.php?rest_route=\/wp\/v2\/types\/page"}],"author":[{"embeddable":true,"href":"http:\/\/prunelli-di-casacconi.fr\/index.php?rest_route=\/wp\/v2\/users\/3"}],"replies":[{"embeddable":true,"href":"http:\/\/prunelli-di-casacconi.fr\/index.php?rest_route=%2Fwp%2Fv2%2Fcomments&post=138"}],"version-history":[{"count":42,"href":"http:\/\/prunelli-di-casacconi.fr\/index.php?rest_route=\/wp\/v2\/pages\/138\/revisions"}],"predecessor-version":[{"id":1252,"href":"http:\/\/prunelli-di-casacconi.fr\/index.php?rest_route=\/wp\/v2\/pages\/138\/revisions\/1252"}],"up":[{"embeddable":true,"href":"http:\/\/prunelli-di-casacconi.fr\/index.php?rest_route=\/wp\/v2\/pages\/50"}],"wp:attachment":[{"href":"http:\/\/prunelli-di-casacconi.fr\/index.php?rest_route=%2Fwp%2Fv2%2Fmedia&parent=138"}],"curies":[{"name":"wp","href":"https:\/\/api.w.org\/{rel}","templated":true}]}}