{"id":1061,"date":"2023-01-25T13:19:44","date_gmt":"2023-01-25T12:19:44","guid":{"rendered":"http:\/\/prunelli-di-casacconi.fr\/?page_id=1061"},"modified":"2023-09-16T07:00:24","modified_gmt":"2023-09-16T06:00:24","slug":"informations-pratiques","status":"publish","type":"page","link":"http:\/\/prunelli-di-casacconi.fr\/?page_id=1061","title":{"rendered":"Informations pratiques"},"content":{"rendered":"<p><span style=\"color: #000000;\"><a style=\"color: #000000;\" href=\"http:\/\/prunelli-di-casacconi.fr\/wp-content\/uploads\/2023\/09\/Bibliobus.pdf\">Bibliobus le 18-09-2023 \u00e0 14h00<\/a><\/span><\/p>\n<p><span style=\"color: #000000;\"><a style=\"color: #000000;\" href=\"http:\/\/prunelli-di-casacconi.fr\/wp-content\/uploads\/2023\/09\/Digital-Factory-in-Paesi.pdf\">Digital Factory in Paesi<\/a><\/span><\/p>\n<p><span style=\"color: #000000;\"><a style=\"color: #000000;\" href=\"http:\/\/prunelli-di-casacconi.fr\/wp-content\/uploads\/2023\/05\/plaquette_debroussaillement.pdf\">Plaquette d\u00e9broussaillement<\/a><\/span><\/p>\n<p><span style=\"color: #000000;\"><a style=\"color: #000000;\" href=\"http:\/\/prunelli-di-casacconi.fr\/wp-content\/uploads\/2023\/01\/Transport-\u00e0-la-demande-CC-Castagniccia-Casinca.pdf\">Transport \u00e0 la demande CC Castagniccia-Casinca<\/a><\/span><\/p>\n<p><span style=\"color: #000000;\"><a style=\"color: #000000;\" href=\"http:\/\/prunelli-di-casacconi.fr\/wp-content\/uploads\/2023\/01\/RM_Castagniccia-Casinca_-Flyer-2023.pdf\">RM_Castagniccia-Casinca_-Flyer-2023<\/a><\/span><\/p>\n<p style=\"text-align: left;\"><span style=\"color: #000000;\"><a style=\"color: #000000;\" href=\"http:\/\/prunelli-di-casacconi.fr\/wp-content\/uploads\/2023\/01\/Recyclerie-mobile-Syvadec.pdf\">Recyclerie mobile Syvadec<\/a><\/span><\/p>\n<p><span style=\"color: #000000;\"><a style=\"color: #000000;\" href=\"http:\/\/prunelli-di-casacconi.fr\/wp-content\/uploads\/2023\/01\/Note-France-Services.pdf\">Note France Services<\/a><\/span><\/p>\n<p><span style=\"color: #000000;\"><a style=\"color: #000000;\" href=\"http:\/\/prunelli-di-casacconi.fr\/wp-content\/uploads\/2023\/01\/Note-compl\u00e9mentaire-France-Services-1.pdf\">Note compl\u00e9mentaire France Services<\/a><\/span><\/p>\n<p><span style=\"color: #000000;\"><a style=\"color: #000000;\" href=\"http:\/\/prunelli-di-casacconi.fr\/wp-content\/uploads\/2023\/01\/Planning-France-services-2023.pdf\">Planning France services 2023<\/a><\/span><\/p>\n<p><span style=\"color: #000000;\"><a style=\"color: #000000;\" href=\"http:\/\/prunelli-di-casacconi.fr\/wp-content\/uploads\/2023\/01\/Bilan-eau.pdf\">Bilan eau<\/a><\/span><\/p>\n<p><a href=\"http:\/\/prunelli-di-casacconi.fr\/wp-content\/uploads\/2023\/01\/AEP-PRUNELLI-DI-CASACCONI-0000001503-00162.pdf\"><span style=\"color: #000000;\">AEP &#8211; PRUNELLI-DI-CASACCONI &#8211; 0000001503 &#8211; 00162<\/span><\/a><\/p>\n<p><span style=\"color: #000000;\"><a style=\"color: #000000;\" href=\"http:\/\/prunelli-di-casacconi.fr\/wp-content\/uploads\/2023\/01\/Concertation-publique-Ficaja.pdf\">Concertation publique Ficaja<\/a><\/span><\/p>\n<p><span style=\"color: #000000;\"><a style=\"color: #000000;\" href=\"http:\/\/prunelli-di-casacconi.fr\/wp-content\/uploads\/2023\/01\/Infos-Ch\u00e8que-\u00e9nergie.pdf\">Infos Ch\u00e8que \u00e9nergie<\/a><\/span><\/p>\n","protected":false},"excerpt":{"rendered":"<p>Bibliobus le 18-09-2023 \u00e0 14h00 Digital Factory in Paesi Plaquette d\u00e9broussaillement Transport \u00e0 la demande CC Castagniccia-Casinca RM_Castagniccia-Casinca_-Flyer-2023 Recyclerie mobile Syvadec Note France Services Note compl\u00e9mentaire France Services Planning France services 2023 Bilan eau AEP &#8211; PRUNELLI-DI-CASACCONI &#8211; 0000001503 &#8211; 00162 Concertation publique Ficaja Infos Ch\u00e8que \u00e9nergie<\/p>\n","protected":false},"author":6,"featured_media":0,"parent":50,"menu_order":0,"comment_status":"closed","ping_status":"closed","template":"","meta":{"footnotes":""},"class_list":["post-1061","page","type-page","status-publish","hentry"],"_links":{"self":[{"href":"http:\/\/prunelli-di-casacconi.fr\/index.php?rest_route=\/wp\/v2\/pages\/1061","targetHints":{"allow":["GET"]}}],"collection":[{"href":"http:\/\/prunelli-di-casacconi.fr\/index.php?rest_route=\/wp\/v2\/pages"}],"about":[{"href":"http:\/\/prunelli-di-casacconi.fr\/index.php?rest_route=\/wp\/v2\/types\/page"}],"author":[{"embeddable":true,"href":"http:\/\/prunelli-di-casacconi.fr\/index.php?rest_route=\/wp\/v2\/users\/6"}],"replies":[{"embeddable":true,"href":"http:\/\/prunelli-di-casacconi.fr\/index.php?rest_route=%2Fwp%2Fv2%2Fcomments&post=1061"}],"version-history":[{"count":14,"href":"http:\/\/prunelli-di-casacconi.fr\/index.php?rest_route=\/wp\/v2\/pages\/1061\/revisions"}],"predecessor-version":[{"id":1170,"href":"http:\/\/prunelli-di-casacconi.fr\/index.php?rest_route=\/wp\/v2\/pages\/1061\/revisions\/1170"}],"up":[{"embeddable":true,"href":"http:\/\/prunelli-di-casacconi.fr\/index.php?rest_route=\/wp\/v2\/pages\/50"}],"wp:attachment":[{"href":"http:\/\/prunelli-di-casacconi.fr\/index.php?rest_route=%2Fwp%2Fv2%2Fmedia&parent=1061"}],"curies":[{"name":"wp","href":"https:\/\/api.w.org\/{rel}","templated":true}]}}